{"id":14412,"date":"2024-12-03T15:50:34","date_gmt":"2024-12-03T14:50:34","guid":{"rendered":"https:\/\/koi-radar.auction\/product\/201-prefiltre-coude-de-tamisage\/"},"modified":"2024-12-05T13:07:10","modified_gmt":"2024-12-05T12:07:10","slug":"201-prefiltre-coude-de-tamisage","status":"publish","type":"product","link":"https:\/\/koi-radar.auction\/fr\/produit\/201-prefiltre-coude-de-tamisage\/","title":{"rendered":"201 : Pr\u00e9filtre (coude de tamisage)"},"content":{"rendered":"<p>coude de tamisage en acier inoxydable<\/p>\n<p>installation par gravit\u00e9<\/p>\n<p>entr\u00e9e 1x 110, d\u00e9bourbeur, raccordement de la pompe<\/p>\n<p>EstroSieve d&#8217;Estrad<\/p>\n<p>54,5\u00d729,5\u00d770 cm<\/p>\n","protected":false},"excerpt":{"rendered":"<p>coude de tamisage en acier inoxydable installation par gravit\u00e9 entr\u00e9e 1x 110, d\u00e9bourbeur, raccordement de la pompe EstroSieve d&#8217;Estrad 54,5\u00d729,5\u00d770 cm<\/p>\n","protected":false},"featured_media":13829,"template":"","meta":{"_acf_changed":false,"_crdt_document":"","inline_featured_image":false},"product_brand":[],"product_cat":[116],"product_tag":[],"class_list":{"0":"post-14412","1":"product","2":"type-product","3":"status-publish","4":"has-post-thumbnail","6":"product_cat-uncategorized-fr","8":"first","9":"instock","10":"taxable","11":"shipping-taxable","12":"purchasable","13":"product-type-auction"},"acf":[],"yoast_head":"<!-- This site is optimized with the Yoast SEO plugin v27.2 - https:\/\/yoast.com\/product\/yoast-seo-wordpress\/ -->\n<title>201 : Pr\u00e9filtre (coude de tamisage) - Koi Radar<\/title>\n<meta name=\"robots\" content=\"index, follow, max-snippet:-1, max-image-preview:large, max-video-preview:-1\" \/>\n<link rel=\"canonical\" href=\"https:\/\/koi-radar.auction\/fr\/produit\/201-prefiltre-coude-de-tamisage\/\" \/>\n<meta property=\"og:locale\" content=\"fr_FR\" \/>\n<meta property=\"og:type\" content=\"article\" \/>\n<meta property=\"og:title\" content=\"201 : Pr\u00e9filtre (coude de tamisage) - Koi Radar\" \/>\n<meta property=\"og:description\" content=\"coude de tamisage en acier inoxydable installation par gravit\u00e9 entr\u00e9e 1x 110, d\u00e9bourbeur, raccordement de la pompe EstroSieve d&#8217;Estrad 54,5\u00d729,5\u00d770 cm\" \/>\n<meta property=\"og:url\" content=\"https:\/\/koi-radar.auction\/fr\/produit\/201-prefiltre-coude-de-tamisage\/\" \/>\n<meta property=\"og:site_name\" content=\"Koi Radar\" \/>\n<meta property=\"article:modified_time\" content=\"2024-12-05T12:07:10+00:00\" \/>\n<meta property=\"og:image\" content=\"https:\/\/koi-radar.auction\/wp-content\/uploads\/2024\/12\/20241204_085933802_iOS.jpg\" \/>\n\t<meta property=\"og:image:width\" content=\"1536\" \/>\n\t<meta property=\"og:image:height\" content=\"2048\" \/>\n\t<meta property=\"og:image:type\" content=\"image\/jpeg\" \/>\n<meta name=\"twitter:card\" content=\"summary_large_image\" \/>\n<meta name=\"twitter:label1\" content=\"Dur\u00e9e de lecture estim\u00e9e\" \/>\n\t<meta name=\"twitter:data1\" content=\"1 minute\" \/>\n<script type=\"application\/ld+json\" class=\"yoast-schema-graph\">{\"@context\":\"https:\/\/schema.org\",\"@graph\":[{\"@type\":\"WebPage\",\"@id\":\"https:\/\/koi-radar.auction\/fr\/produit\/201-prefiltre-coude-de-tamisage\/\",\"url\":\"https:\/\/koi-radar.auction\/fr\/produit\/201-prefiltre-coude-de-tamisage\/\",\"name\":\"201 : Pr\u00e9filtre (coude de tamisage) - Koi Radar\",\"isPartOf\":{\"@id\":\"https:\/\/koi-radar.auction\/fr\/#website\"},\"primaryImageOfPage\":{\"@id\":\"https:\/\/koi-radar.auction\/fr\/produit\/201-prefiltre-coude-de-tamisage\/#primaryimage\"},\"image\":{\"@id\":\"https:\/\/koi-radar.auction\/fr\/produit\/201-prefiltre-coude-de-tamisage\/#primaryimage\"},\"thumbnailUrl\":\"https:\/\/koi-radar.auction\/wp-content\/uploads\/2024\/12\/20241204_085933802_iOS.jpg\",\"datePublished\":\"2024-12-03T14:50:34+00:00\",\"dateModified\":\"2024-12-05T12:07:10+00:00\",\"breadcrumb\":{\"@id\":\"https:\/\/koi-radar.auction\/fr\/produit\/201-prefiltre-coude-de-tamisage\/#breadcrumb\"},\"inLanguage\":\"fr-FR\",\"potentialAction\":[{\"@type\":\"ReadAction\",\"target\":[\"https:\/\/koi-radar.auction\/fr\/produit\/201-prefiltre-coude-de-tamisage\/\"]}]},{\"@type\":\"ImageObject\",\"inLanguage\":\"fr-FR\",\"@id\":\"https:\/\/koi-radar.auction\/fr\/produit\/201-prefiltre-coude-de-tamisage\/#primaryimage\",\"url\":\"https:\/\/koi-radar.auction\/wp-content\/uploads\/2024\/12\/20241204_085933802_iOS.jpg\",\"contentUrl\":\"https:\/\/koi-radar.auction\/wp-content\/uploads\/2024\/12\/20241204_085933802_iOS.jpg\",\"width\":1536,\"height\":2048},{\"@type\":\"BreadcrumbList\",\"@id\":\"https:\/\/koi-radar.auction\/fr\/produit\/201-prefiltre-coude-de-tamisage\/#breadcrumb\",\"itemListElement\":[{\"@type\":\"ListItem\",\"position\":1,\"name\":\"Home\",\"item\":\"https:\/\/koi-radar.auction\/fr\/\"},{\"@type\":\"ListItem\",\"position\":2,\"name\":\"Produits\",\"item\":\"https:\/\/koi-radar.auction\/fr\/shop\/\"},{\"@type\":\"ListItem\",\"position\":3,\"name\":\"201 : Pr\u00e9filtre (coude de tamisage)\"}]},{\"@type\":\"WebSite\",\"@id\":\"https:\/\/koi-radar.auction\/fr\/#website\",\"url\":\"https:\/\/koi-radar.auction\/fr\/\",\"name\":\"Koi Radar\",\"description\":\"\",\"publisher\":{\"@id\":\"https:\/\/koi-radar.auction\/fr\/#organization\"},\"potentialAction\":[{\"@type\":\"SearchAction\",\"target\":{\"@type\":\"EntryPoint\",\"urlTemplate\":\"https:\/\/koi-radar.auction\/fr\/?s={search_term_string}\"},\"query-input\":{\"@type\":\"PropertyValueSpecification\",\"valueRequired\":true,\"valueName\":\"search_term_string\"}}],\"inLanguage\":\"fr-FR\"},{\"@type\":\"Organization\",\"@id\":\"https:\/\/koi-radar.auction\/fr\/#organization\",\"name\":\"Koi Radar\",\"url\":\"https:\/\/koi-radar.auction\/fr\/\",\"logo\":{\"@type\":\"ImageObject\",\"inLanguage\":\"fr-FR\",\"@id\":\"https:\/\/koi-radar.auction\/fr\/#\/schema\/logo\/image\/\",\"url\":\"https:\/\/koi-radar.auction\/wp-content\/uploads\/2022\/03\/Koi-Radar-auctions-logo-1.svg\",\"contentUrl\":\"https:\/\/koi-radar.auction\/wp-content\/uploads\/2022\/03\/Koi-Radar-auctions-logo-1.svg\",\"caption\":\"Koi Radar\"},\"image\":{\"@id\":\"https:\/\/koi-radar.auction\/fr\/#\/schema\/logo\/image\/\"}}]}<\/script>\n<!-- \/ Yoast SEO plugin. -->","yoast_head_json":{"title":"201 : Pr\u00e9filtre (coude de tamisage) - Koi Radar","robots":{"index":"index","follow":"follow","max-snippet":"max-snippet:-1","max-image-preview":"max-image-preview:large","max-video-preview":"max-video-preview:-1"},"canonical":"https:\/\/koi-radar.auction\/fr\/produit\/201-prefiltre-coude-de-tamisage\/","og_locale":"fr_FR","og_type":"article","og_title":"201 : Pr\u00e9filtre (coude de tamisage) - Koi Radar","og_description":"coude de tamisage en acier inoxydable installation par gravit\u00e9 entr\u00e9e 1x 110, d\u00e9bourbeur, raccordement de la pompe EstroSieve d&#8217;Estrad 54,5\u00d729,5\u00d770 cm","og_url":"https:\/\/koi-radar.auction\/fr\/produit\/201-prefiltre-coude-de-tamisage\/","og_site_name":"Koi Radar","article_modified_time":"2024-12-05T12:07:10+00:00","og_image":[{"width":1536,"height":2048,"url":"https:\/\/koi-radar.auction\/wp-content\/uploads\/2024\/12\/20241204_085933802_iOS.jpg","type":"image\/jpeg"}],"twitter_card":"summary_large_image","twitter_misc":{"Dur\u00e9e de lecture estim\u00e9e":"1 minute"},"schema":{"@context":"https:\/\/schema.org","@graph":[{"@type":"WebPage","@id":"https:\/\/koi-radar.auction\/fr\/produit\/201-prefiltre-coude-de-tamisage\/","url":"https:\/\/koi-radar.auction\/fr\/produit\/201-prefiltre-coude-de-tamisage\/","name":"201 : Pr\u00e9filtre (coude de tamisage) - Koi Radar","isPartOf":{"@id":"https:\/\/koi-radar.auction\/fr\/#website"},"primaryImageOfPage":{"@id":"https:\/\/koi-radar.auction\/fr\/produit\/201-prefiltre-coude-de-tamisage\/#primaryimage"},"image":{"@id":"https:\/\/koi-radar.auction\/fr\/produit\/201-prefiltre-coude-de-tamisage\/#primaryimage"},"thumbnailUrl":"https:\/\/koi-radar.auction\/wp-content\/uploads\/2024\/12\/20241204_085933802_iOS.jpg","datePublished":"2024-12-03T14:50:34+00:00","dateModified":"2024-12-05T12:07:10+00:00","breadcrumb":{"@id":"https:\/\/koi-radar.auction\/fr\/produit\/201-prefiltre-coude-de-tamisage\/#breadcrumb"},"inLanguage":"fr-FR","potentialAction":[{"@type":"ReadAction","target":["https:\/\/koi-radar.auction\/fr\/produit\/201-prefiltre-coude-de-tamisage\/"]}]},{"@type":"ImageObject","inLanguage":"fr-FR","@id":"https:\/\/koi-radar.auction\/fr\/produit\/201-prefiltre-coude-de-tamisage\/#primaryimage","url":"https:\/\/koi-radar.auction\/wp-content\/uploads\/2024\/12\/20241204_085933802_iOS.jpg","contentUrl":"https:\/\/koi-radar.auction\/wp-content\/uploads\/2024\/12\/20241204_085933802_iOS.jpg","width":1536,"height":2048},{"@type":"BreadcrumbList","@id":"https:\/\/koi-radar.auction\/fr\/produit\/201-prefiltre-coude-de-tamisage\/#breadcrumb","itemListElement":[{"@type":"ListItem","position":1,"name":"Home","item":"https:\/\/koi-radar.auction\/fr\/"},{"@type":"ListItem","position":2,"name":"Produits","item":"https:\/\/koi-radar.auction\/fr\/shop\/"},{"@type":"ListItem","position":3,"name":"201 : Pr\u00e9filtre (coude de tamisage)"}]},{"@type":"WebSite","@id":"https:\/\/koi-radar.auction\/fr\/#website","url":"https:\/\/koi-radar.auction\/fr\/","name":"Koi Radar","description":"","publisher":{"@id":"https:\/\/koi-radar.auction\/fr\/#organization"},"potentialAction":[{"@type":"SearchAction","target":{"@type":"EntryPoint","urlTemplate":"https:\/\/koi-radar.auction\/fr\/?s={search_term_string}"},"query-input":{"@type":"PropertyValueSpecification","valueRequired":true,"valueName":"search_term_string"}}],"inLanguage":"fr-FR"},{"@type":"Organization","@id":"https:\/\/koi-radar.auction\/fr\/#organization","name":"Koi Radar","url":"https:\/\/koi-radar.auction\/fr\/","logo":{"@type":"ImageObject","inLanguage":"fr-FR","@id":"https:\/\/koi-radar.auction\/fr\/#\/schema\/logo\/image\/","url":"https:\/\/koi-radar.auction\/wp-content\/uploads\/2022\/03\/Koi-Radar-auctions-logo-1.svg","contentUrl":"https:\/\/koi-radar.auction\/wp-content\/uploads\/2022\/03\/Koi-Radar-auctions-logo-1.svg","caption":"Koi Radar"},"image":{"@id":"https:\/\/koi-radar.auction\/fr\/#\/schema\/logo\/image\/"}}]}},"_links":{"self":[{"href":"https:\/\/koi-radar.auction\/fr\/wp-json\/wp\/v2\/product\/14412","targetHints":{"allow":["GET"]}}],"collection":[{"href":"https:\/\/koi-radar.auction\/fr\/wp-json\/wp\/v2\/product"}],"about":[{"href":"https:\/\/koi-radar.auction\/fr\/wp-json\/wp\/v2\/types\/product"}],"wp:featuredmedia":[{"embeddable":true,"href":"https:\/\/koi-radar.auction\/fr\/wp-json\/wp\/v2\/media\/13829"}],"wp:attachment":[{"href":"https:\/\/koi-radar.auction\/fr\/wp-json\/wp\/v2\/media?parent=14412"}],"wp:term":[{"taxonomy":"product_brand","embeddable":true,"href":"https:\/\/koi-radar.auction\/fr\/wp-json\/wp\/v2\/product_brand?post=14412"},{"taxonomy":"product_cat","embeddable":true,"href":"https:\/\/koi-radar.auction\/fr\/wp-json\/wp\/v2\/product_cat?post=14412"},{"taxonomy":"product_tag","embeddable":true,"href":"https:\/\/koi-radar.auction\/fr\/wp-json\/wp\/v2\/product_tag?post=14412"}],"curies":[{"name":"wp","href":"https:\/\/api.w.org\/{rel}","templated":true}]}}