{"id":14283,"date":"2024-12-04T13:39:50","date_gmt":"2024-12-04T12:39:50","guid":{"rendered":"https:\/\/koi-radar.auction\/?post_type=product&#038;p=14283"},"modified":"2024-12-13T21:25:08","modified_gmt":"2024-12-13T20:25:08","slug":"231","status":"publish","type":"product","link":"https:\/\/koi-radar.auction\/fr\/produit\/231\/","title":{"rendered":"231: Kist met verschillende kleine Uv toestellen \/ Mallette avec plusieurs petits appareils Uv"},"content":{"rendered":"","protected":false},"excerpt":{"rendered":"<p>2x Uv toestel 11watt<\/p>\n<p>1x Uv toestel 11watt (zonder transfo)<\/p>\n<p>1x Uv toestel 9 watt<\/p>\n<p>OPGELET: enkel afhalen op afspraak voor 15\/12\/24\u00a0 &#8211; geen levering mogelijk!<\/p>\n<p>x Unit\u00e9 Uv 11watt<\/p>\n<p>1x Unit\u00e9 Uv 11watt (sans transformateur)<\/p>\n<p>1x Unit\u00e9 Uv 9 Watt<\/p>\n<p>ATTENTION : enl\u00e8vement sur rendez-vous uniquement avant le 15\/12\/24 &#8211; pas de livraison possible !<\/p>\n","protected":false},"featured_media":14344,"template":"","meta":{"_acf_changed":false,"_crdt_document":"","inline_featured_image":false},"product_brand":[],"product_cat":[18],"product_tag":[],"class_list":{"0":"post-14283","1":"product","2":"type-product","3":"status-publish","4":"has-post-thumbnail","6":"product_cat-uncategorized","8":"first","9":"instock","10":"taxable","11":"shipping-taxable","12":"purchasable","13":"product-type-auction"},"acf":[],"yoast_head":"<!-- This site is optimized with the Yoast SEO plugin v27.2 - https:\/\/yoast.com\/product\/yoast-seo-wordpress\/ -->\n<title>231: Kist met verschillende kleine Uv toestellen \/ Mallette avec plusieurs petits appareils Uv - Koi Radar<\/title>\n<meta name=\"robots\" content=\"index, follow, max-snippet:-1, max-image-preview:large, max-video-preview:-1\" \/>\n<link rel=\"canonical\" href=\"https:\/\/koi-radar.auction\/fr\/produit\/231\/\" \/>\n<meta property=\"og:locale\" content=\"fr_FR\" \/>\n<meta property=\"og:type\" content=\"article\" \/>\n<meta property=\"og:title\" content=\"231: Kist met verschillende kleine Uv toestellen \/ Mallette avec plusieurs petits appareils Uv - Koi Radar\" \/>\n<meta property=\"og:description\" content=\"2x Uv toestel 11watt  1x Uv toestel 11watt (zonder transfo)  1x Uv toestel 9 watt  OPGELET: enkel afhalen op afspraak voor 15\/12\/24\u00a0 - geen levering mogelijk!  x Unit\u00e9 Uv 11watt  1x Unit\u00e9 Uv 11watt (sans transformateur)  1x Unit\u00e9 Uv 9 Watt  ATTENTION : enl\u00e8vement sur rendez-vous uniquement avant le 15\/12\/24 - pas de livraison possible !\" \/>\n<meta property=\"og:url\" content=\"https:\/\/koi-radar.auction\/fr\/produit\/231\/\" \/>\n<meta property=\"og:site_name\" content=\"Koi Radar\" \/>\n<meta property=\"article:modified_time\" content=\"2024-12-13T20:25:08+00:00\" \/>\n<meta property=\"og:image\" content=\"https:\/\/koi-radar.auction\/wp-content\/uploads\/2024\/12\/20241204_120901422_iOS.jpg\" \/>\n\t<meta property=\"og:image:width\" content=\"1536\" \/>\n\t<meta property=\"og:image:height\" content=\"2048\" \/>\n\t<meta property=\"og:image:type\" content=\"image\/jpeg\" \/>\n<meta name=\"twitter:card\" content=\"summary_large_image\" \/>\n<meta name=\"twitter:label1\" content=\"Dur\u00e9e de lecture estim\u00e9e\" \/>\n\t<meta name=\"twitter:data1\" content=\"1 minute\" \/>\n<script type=\"application\/ld+json\" class=\"yoast-schema-graph\">{\"@context\":\"https:\/\/schema.org\",\"@graph\":[{\"@type\":\"WebPage\",\"@id\":\"https:\/\/koi-radar.auction\/fr\/produit\/231\/\",\"url\":\"https:\/\/koi-radar.auction\/fr\/produit\/231\/\",\"name\":\"231: Kist met verschillende kleine Uv toestellen \/ Mallette avec plusieurs petits appareils Uv - Koi Radar\",\"isPartOf\":{\"@id\":\"https:\/\/koi-radar.auction\/fr\/#website\"},\"primaryImageOfPage\":{\"@id\":\"https:\/\/koi-radar.auction\/fr\/produit\/231\/#primaryimage\"},\"image\":{\"@id\":\"https:\/\/koi-radar.auction\/fr\/produit\/231\/#primaryimage\"},\"thumbnailUrl\":\"https:\/\/koi-radar.auction\/wp-content\/uploads\/2024\/12\/20241204_120901422_iOS.jpg\",\"datePublished\":\"2024-12-04T12:39:50+00:00\",\"dateModified\":\"2024-12-13T20:25:08+00:00\",\"breadcrumb\":{\"@id\":\"https:\/\/koi-radar.auction\/fr\/produit\/231\/#breadcrumb\"},\"inLanguage\":\"fr-FR\",\"potentialAction\":[{\"@type\":\"ReadAction\",\"target\":[\"https:\/\/koi-radar.auction\/fr\/produit\/231\/\"]}]},{\"@type\":\"ImageObject\",\"inLanguage\":\"fr-FR\",\"@id\":\"https:\/\/koi-radar.auction\/fr\/produit\/231\/#primaryimage\",\"url\":\"https:\/\/koi-radar.auction\/wp-content\/uploads\/2024\/12\/20241204_120901422_iOS.jpg\",\"contentUrl\":\"https:\/\/koi-radar.auction\/wp-content\/uploads\/2024\/12\/20241204_120901422_iOS.jpg\",\"width\":1536,\"height\":2048},{\"@type\":\"BreadcrumbList\",\"@id\":\"https:\/\/koi-radar.auction\/fr\/produit\/231\/#breadcrumb\",\"itemListElement\":[{\"@type\":\"ListItem\",\"position\":1,\"name\":\"Home\",\"item\":\"https:\/\/koi-radar.auction\/fr\/\"},{\"@type\":\"ListItem\",\"position\":2,\"name\":\"Produits\",\"item\":\"https:\/\/koi-radar.auction\/fr\/shop\/\"},{\"@type\":\"ListItem\",\"position\":3,\"name\":\"231: Kist met verschillende kleine Uv toestellen \/ Mallette avec plusieurs petits appareils Uv\"}]},{\"@type\":\"WebSite\",\"@id\":\"https:\/\/koi-radar.auction\/fr\/#website\",\"url\":\"https:\/\/koi-radar.auction\/fr\/\",\"name\":\"Koi Radar\",\"description\":\"\",\"publisher\":{\"@id\":\"https:\/\/koi-radar.auction\/fr\/#organization\"},\"potentialAction\":[{\"@type\":\"SearchAction\",\"target\":{\"@type\":\"EntryPoint\",\"urlTemplate\":\"https:\/\/koi-radar.auction\/fr\/?s={search_term_string}\"},\"query-input\":{\"@type\":\"PropertyValueSpecification\",\"valueRequired\":true,\"valueName\":\"search_term_string\"}}],\"inLanguage\":\"fr-FR\"},{\"@type\":\"Organization\",\"@id\":\"https:\/\/koi-radar.auction\/fr\/#organization\",\"name\":\"Koi Radar\",\"url\":\"https:\/\/koi-radar.auction\/fr\/\",\"logo\":{\"@type\":\"ImageObject\",\"inLanguage\":\"fr-FR\",\"@id\":\"https:\/\/koi-radar.auction\/fr\/#\/schema\/logo\/image\/\",\"url\":\"https:\/\/koi-radar.auction\/wp-content\/uploads\/2022\/03\/Koi-Radar-auctions-logo-1.svg\",\"contentUrl\":\"https:\/\/koi-radar.auction\/wp-content\/uploads\/2022\/03\/Koi-Radar-auctions-logo-1.svg\",\"caption\":\"Koi Radar\"},\"image\":{\"@id\":\"https:\/\/koi-radar.auction\/fr\/#\/schema\/logo\/image\/\"}}]}<\/script>\n<!-- \/ Yoast SEO plugin. -->","yoast_head_json":{"title":"231: Kist met verschillende kleine Uv toestellen \/ Mallette avec plusieurs petits appareils Uv - Koi Radar","robots":{"index":"index","follow":"follow","max-snippet":"max-snippet:-1","max-image-preview":"max-image-preview:large","max-video-preview":"max-video-preview:-1"},"canonical":"https:\/\/koi-radar.auction\/fr\/produit\/231\/","og_locale":"fr_FR","og_type":"article","og_title":"231: Kist met verschillende kleine Uv toestellen \/ Mallette avec plusieurs petits appareils Uv - Koi Radar","og_description":"2x Uv toestel 11watt  1x Uv toestel 11watt (zonder transfo)  1x Uv toestel 9 watt  OPGELET: enkel afhalen op afspraak voor 15\/12\/24\u00a0 - geen levering mogelijk!  x Unit\u00e9 Uv 11watt  1x Unit\u00e9 Uv 11watt (sans transformateur)  1x Unit\u00e9 Uv 9 Watt  ATTENTION : enl\u00e8vement sur rendez-vous uniquement avant le 15\/12\/24 - pas de livraison possible !","og_url":"https:\/\/koi-radar.auction\/fr\/produit\/231\/","og_site_name":"Koi Radar","article_modified_time":"2024-12-13T20:25:08+00:00","og_image":[{"width":1536,"height":2048,"url":"https:\/\/koi-radar.auction\/wp-content\/uploads\/2024\/12\/20241204_120901422_iOS.jpg","type":"image\/jpeg"}],"twitter_card":"summary_large_image","twitter_misc":{"Dur\u00e9e de lecture estim\u00e9e":"1 minute"},"schema":{"@context":"https:\/\/schema.org","@graph":[{"@type":"WebPage","@id":"https:\/\/koi-radar.auction\/fr\/produit\/231\/","url":"https:\/\/koi-radar.auction\/fr\/produit\/231\/","name":"231: Kist met verschillende kleine Uv toestellen \/ Mallette avec plusieurs petits appareils Uv - Koi Radar","isPartOf":{"@id":"https:\/\/koi-radar.auction\/fr\/#website"},"primaryImageOfPage":{"@id":"https:\/\/koi-radar.auction\/fr\/produit\/231\/#primaryimage"},"image":{"@id":"https:\/\/koi-radar.auction\/fr\/produit\/231\/#primaryimage"},"thumbnailUrl":"https:\/\/koi-radar.auction\/wp-content\/uploads\/2024\/12\/20241204_120901422_iOS.jpg","datePublished":"2024-12-04T12:39:50+00:00","dateModified":"2024-12-13T20:25:08+00:00","breadcrumb":{"@id":"https:\/\/koi-radar.auction\/fr\/produit\/231\/#breadcrumb"},"inLanguage":"fr-FR","potentialAction":[{"@type":"ReadAction","target":["https:\/\/koi-radar.auction\/fr\/produit\/231\/"]}]},{"@type":"ImageObject","inLanguage":"fr-FR","@id":"https:\/\/koi-radar.auction\/fr\/produit\/231\/#primaryimage","url":"https:\/\/koi-radar.auction\/wp-content\/uploads\/2024\/12\/20241204_120901422_iOS.jpg","contentUrl":"https:\/\/koi-radar.auction\/wp-content\/uploads\/2024\/12\/20241204_120901422_iOS.jpg","width":1536,"height":2048},{"@type":"BreadcrumbList","@id":"https:\/\/koi-radar.auction\/fr\/produit\/231\/#breadcrumb","itemListElement":[{"@type":"ListItem","position":1,"name":"Home","item":"https:\/\/koi-radar.auction\/fr\/"},{"@type":"ListItem","position":2,"name":"Produits","item":"https:\/\/koi-radar.auction\/fr\/shop\/"},{"@type":"ListItem","position":3,"name":"231: Kist met verschillende kleine Uv toestellen \/ Mallette avec plusieurs petits appareils Uv"}]},{"@type":"WebSite","@id":"https:\/\/koi-radar.auction\/fr\/#website","url":"https:\/\/koi-radar.auction\/fr\/","name":"Koi Radar","description":"","publisher":{"@id":"https:\/\/koi-radar.auction\/fr\/#organization"},"potentialAction":[{"@type":"SearchAction","target":{"@type":"EntryPoint","urlTemplate":"https:\/\/koi-radar.auction\/fr\/?s={search_term_string}"},"query-input":{"@type":"PropertyValueSpecification","valueRequired":true,"valueName":"search_term_string"}}],"inLanguage":"fr-FR"},{"@type":"Organization","@id":"https:\/\/koi-radar.auction\/fr\/#organization","name":"Koi Radar","url":"https:\/\/koi-radar.auction\/fr\/","logo":{"@type":"ImageObject","inLanguage":"fr-FR","@id":"https:\/\/koi-radar.auction\/fr\/#\/schema\/logo\/image\/","url":"https:\/\/koi-radar.auction\/wp-content\/uploads\/2022\/03\/Koi-Radar-auctions-logo-1.svg","contentUrl":"https:\/\/koi-radar.auction\/wp-content\/uploads\/2022\/03\/Koi-Radar-auctions-logo-1.svg","caption":"Koi Radar"},"image":{"@id":"https:\/\/koi-radar.auction\/fr\/#\/schema\/logo\/image\/"}}]}},"_links":{"self":[{"href":"https:\/\/koi-radar.auction\/fr\/wp-json\/wp\/v2\/product\/14283","targetHints":{"allow":["GET"]}}],"collection":[{"href":"https:\/\/koi-radar.auction\/fr\/wp-json\/wp\/v2\/product"}],"about":[{"href":"https:\/\/koi-radar.auction\/fr\/wp-json\/wp\/v2\/types\/product"}],"wp:featuredmedia":[{"embeddable":true,"href":"https:\/\/koi-radar.auction\/fr\/wp-json\/wp\/v2\/media\/14344"}],"wp:attachment":[{"href":"https:\/\/koi-radar.auction\/fr\/wp-json\/wp\/v2\/media?parent=14283"}],"wp:term":[{"taxonomy":"product_brand","embeddable":true,"href":"https:\/\/koi-radar.auction\/fr\/wp-json\/wp\/v2\/product_brand?post=14283"},{"taxonomy":"product_cat","embeddable":true,"href":"https:\/\/koi-radar.auction\/fr\/wp-json\/wp\/v2\/product_cat?post=14283"},{"taxonomy":"product_tag","embeddable":true,"href":"https:\/\/koi-radar.auction\/fr\/wp-json\/wp\/v2\/product_tag?post=14283"}],"curies":[{"name":"wp","href":"https:\/\/api.w.org\/{rel}","templated":true}]}}