{"id":13788,"date":"2024-12-03T21:44:52","date_gmt":"2024-12-03T20:44:52","guid":{"rendered":"https:\/\/koi-radar.auction\/?post_type=product&#038;p=13788"},"modified":"2024-12-08T21:19:41","modified_gmt":"2024-12-08T20:19:41","slug":"223","status":"publish","type":"product","link":"https:\/\/koi-radar.auction\/fr\/produit\/223\/","title":{"rendered":"223: Delta Uv toestel 90 watt \/ Dispositif Uv Delta 90 watts"},"content":{"rendered":"","protected":false},"excerpt":{"rendered":"<p>Uv toestel van het merk Delta 90 watt(professioneel toestel). De koppen kan je verdraaien (richting) zodat het toestel heel makkelijk kan gemonteerd worden. Het UV toestel werkt (getest) \u00a0Afmetingen: 118x35x20cm.<\/p>\n<p>OPGELET: enkel afhalen op afspraak voor 15\/12\/24\u00a0 &#8211; geen levering mogelijk!<\/p>\n<p>Appareil Uv de marque Delta 90 watts (appareil professionnel). Les t\u00eates peuvent \u00eatre tourn\u00e9es (direction) afin que l&#8217;appareil puisse \u00eatre mont\u00e9 tr\u00e8s facilement. L&#8217;appareil UV fonctionne (test\u00e9) Dimensions : 118x35x20cm.<\/p>\n<p>ATTENTION : enl\u00e8vement sur rendez-vous uniquement avant le 15\/12\/24 &#8211; pas de livraison possible !<\/p>\n","protected":false},"featured_media":14233,"template":"","meta":{"_acf_changed":false,"_crdt_document":"","inline_featured_image":false},"product_brand":[],"product_cat":[18],"product_tag":[],"class_list":{"0":"post-13788","1":"product","2":"type-product","3":"status-publish","4":"has-post-thumbnail","6":"product_cat-uncategorized","8":"first","9":"instock","10":"taxable","11":"shipping-taxable","12":"purchasable","13":"product-type-auction"},"acf":[],"yoast_head":"<!-- This site is optimized with the Yoast SEO plugin v27.2 - https:\/\/yoast.com\/product\/yoast-seo-wordpress\/ -->\n<title>223: Delta Uv toestel 90 watt \/ Dispositif Uv Delta 90 watts - Koi Radar<\/title>\n<meta name=\"robots\" content=\"index, follow, max-snippet:-1, max-image-preview:large, max-video-preview:-1\" \/>\n<link rel=\"canonical\" href=\"https:\/\/koi-radar.auction\/fr\/produit\/223\/\" \/>\n<meta property=\"og:locale\" content=\"fr_FR\" \/>\n<meta property=\"og:type\" content=\"article\" \/>\n<meta property=\"og:title\" content=\"223: Delta Uv toestel 90 watt \/ Dispositif Uv Delta 90 watts - Koi Radar\" \/>\n<meta property=\"og:description\" content=\"Uv toestel van het merk Delta 90 watt(professioneel toestel). De koppen kan je verdraaien (richting) zodat het toestel heel makkelijk kan gemonteerd worden. Het UV toestel werkt (getest) \u00a0Afmetingen: 118x35x20cm.  OPGELET: enkel afhalen op afspraak voor 15\/12\/24\u00a0 - geen levering mogelijk!  Appareil Uv de marque Delta 90 watts (appareil professionnel). Les t\u00eates peuvent \u00eatre tourn\u00e9es (direction) afin que l&#039;appareil puisse \u00eatre mont\u00e9 tr\u00e8s facilement. L&#039;appareil UV fonctionne (test\u00e9) Dimensions : 118x35x20cm.  ATTENTION : enl\u00e8vement sur rendez-vous uniquement avant le 15\/12\/24 - pas de livraison possible !\" \/>\n<meta property=\"og:url\" content=\"https:\/\/koi-radar.auction\/fr\/produit\/223\/\" \/>\n<meta property=\"og:site_name\" content=\"Koi Radar\" \/>\n<meta property=\"article:modified_time\" content=\"2024-12-08T20:19:41+00:00\" \/>\n<meta property=\"og:image\" content=\"https:\/\/koi-radar.auction\/wp-content\/uploads\/2024\/12\/20241204_114816620_iOS.jpg\" \/>\n\t<meta property=\"og:image:width\" content=\"1536\" \/>\n\t<meta property=\"og:image:height\" content=\"2048\" \/>\n\t<meta property=\"og:image:type\" content=\"image\/jpeg\" \/>\n<meta name=\"twitter:card\" content=\"summary_large_image\" \/>\n<meta name=\"twitter:label1\" content=\"Dur\u00e9e de lecture estim\u00e9e\" \/>\n\t<meta name=\"twitter:data1\" content=\"1 minute\" \/>\n<script type=\"application\/ld+json\" class=\"yoast-schema-graph\">{\"@context\":\"https:\/\/schema.org\",\"@graph\":[{\"@type\":\"WebPage\",\"@id\":\"https:\/\/koi-radar.auction\/fr\/produit\/223\/\",\"url\":\"https:\/\/koi-radar.auction\/fr\/produit\/223\/\",\"name\":\"223: Delta Uv toestel 90 watt \/ Dispositif Uv Delta 90 watts - Koi Radar\",\"isPartOf\":{\"@id\":\"https:\/\/koi-radar.auction\/fr\/#website\"},\"primaryImageOfPage\":{\"@id\":\"https:\/\/koi-radar.auction\/fr\/produit\/223\/#primaryimage\"},\"image\":{\"@id\":\"https:\/\/koi-radar.auction\/fr\/produit\/223\/#primaryimage\"},\"thumbnailUrl\":\"https:\/\/koi-radar.auction\/wp-content\/uploads\/2024\/12\/20241204_114816620_iOS.jpg\",\"datePublished\":\"2024-12-03T20:44:52+00:00\",\"dateModified\":\"2024-12-08T20:19:41+00:00\",\"breadcrumb\":{\"@id\":\"https:\/\/koi-radar.auction\/fr\/produit\/223\/#breadcrumb\"},\"inLanguage\":\"fr-FR\",\"potentialAction\":[{\"@type\":\"ReadAction\",\"target\":[\"https:\/\/koi-radar.auction\/fr\/produit\/223\/\"]}]},{\"@type\":\"ImageObject\",\"inLanguage\":\"fr-FR\",\"@id\":\"https:\/\/koi-radar.auction\/fr\/produit\/223\/#primaryimage\",\"url\":\"https:\/\/koi-radar.auction\/wp-content\/uploads\/2024\/12\/20241204_114816620_iOS.jpg\",\"contentUrl\":\"https:\/\/koi-radar.auction\/wp-content\/uploads\/2024\/12\/20241204_114816620_iOS.jpg\",\"width\":1536,\"height\":2048},{\"@type\":\"BreadcrumbList\",\"@id\":\"https:\/\/koi-radar.auction\/fr\/produit\/223\/#breadcrumb\",\"itemListElement\":[{\"@type\":\"ListItem\",\"position\":1,\"name\":\"Home\",\"item\":\"https:\/\/koi-radar.auction\/fr\/\"},{\"@type\":\"ListItem\",\"position\":2,\"name\":\"Produits\",\"item\":\"https:\/\/koi-radar.auction\/fr\/shop\/\"},{\"@type\":\"ListItem\",\"position\":3,\"name\":\"223: Delta Uv toestel 90 watt \/ Dispositif Uv Delta 90 watts\"}]},{\"@type\":\"WebSite\",\"@id\":\"https:\/\/koi-radar.auction\/fr\/#website\",\"url\":\"https:\/\/koi-radar.auction\/fr\/\",\"name\":\"Koi Radar\",\"description\":\"\",\"publisher\":{\"@id\":\"https:\/\/koi-radar.auction\/fr\/#organization\"},\"potentialAction\":[{\"@type\":\"SearchAction\",\"target\":{\"@type\":\"EntryPoint\",\"urlTemplate\":\"https:\/\/koi-radar.auction\/fr\/?s={search_term_string}\"},\"query-input\":{\"@type\":\"PropertyValueSpecification\",\"valueRequired\":true,\"valueName\":\"search_term_string\"}}],\"inLanguage\":\"fr-FR\"},{\"@type\":\"Organization\",\"@id\":\"https:\/\/koi-radar.auction\/fr\/#organization\",\"name\":\"Koi Radar\",\"url\":\"https:\/\/koi-radar.auction\/fr\/\",\"logo\":{\"@type\":\"ImageObject\",\"inLanguage\":\"fr-FR\",\"@id\":\"https:\/\/koi-radar.auction\/fr\/#\/schema\/logo\/image\/\",\"url\":\"https:\/\/koi-radar.auction\/wp-content\/uploads\/2022\/03\/Koi-Radar-auctions-logo-1.svg\",\"contentUrl\":\"https:\/\/koi-radar.auction\/wp-content\/uploads\/2022\/03\/Koi-Radar-auctions-logo-1.svg\",\"caption\":\"Koi Radar\"},\"image\":{\"@id\":\"https:\/\/koi-radar.auction\/fr\/#\/schema\/logo\/image\/\"}}]}<\/script>\n<!-- \/ Yoast SEO plugin. -->","yoast_head_json":{"title":"223: Delta Uv toestel 90 watt \/ Dispositif Uv Delta 90 watts - Koi Radar","robots":{"index":"index","follow":"follow","max-snippet":"max-snippet:-1","max-image-preview":"max-image-preview:large","max-video-preview":"max-video-preview:-1"},"canonical":"https:\/\/koi-radar.auction\/fr\/produit\/223\/","og_locale":"fr_FR","og_type":"article","og_title":"223: Delta Uv toestel 90 watt \/ Dispositif Uv Delta 90 watts - Koi Radar","og_description":"Uv toestel van het merk Delta 90 watt(professioneel toestel). De koppen kan je verdraaien (richting) zodat het toestel heel makkelijk kan gemonteerd worden. Het UV toestel werkt (getest) \u00a0Afmetingen: 118x35x20cm.  OPGELET: enkel afhalen op afspraak voor 15\/12\/24\u00a0 - geen levering mogelijk!  Appareil Uv de marque Delta 90 watts (appareil professionnel). Les t\u00eates peuvent \u00eatre tourn\u00e9es (direction) afin que l'appareil puisse \u00eatre mont\u00e9 tr\u00e8s facilement. L'appareil UV fonctionne (test\u00e9) Dimensions : 118x35x20cm.  ATTENTION : enl\u00e8vement sur rendez-vous uniquement avant le 15\/12\/24 - pas de livraison possible !","og_url":"https:\/\/koi-radar.auction\/fr\/produit\/223\/","og_site_name":"Koi Radar","article_modified_time":"2024-12-08T20:19:41+00:00","og_image":[{"width":1536,"height":2048,"url":"https:\/\/koi-radar.auction\/wp-content\/uploads\/2024\/12\/20241204_114816620_iOS.jpg","type":"image\/jpeg"}],"twitter_card":"summary_large_image","twitter_misc":{"Dur\u00e9e de lecture estim\u00e9e":"1 minute"},"schema":{"@context":"https:\/\/schema.org","@graph":[{"@type":"WebPage","@id":"https:\/\/koi-radar.auction\/fr\/produit\/223\/","url":"https:\/\/koi-radar.auction\/fr\/produit\/223\/","name":"223: Delta Uv toestel 90 watt \/ Dispositif Uv Delta 90 watts - Koi Radar","isPartOf":{"@id":"https:\/\/koi-radar.auction\/fr\/#website"},"primaryImageOfPage":{"@id":"https:\/\/koi-radar.auction\/fr\/produit\/223\/#primaryimage"},"image":{"@id":"https:\/\/koi-radar.auction\/fr\/produit\/223\/#primaryimage"},"thumbnailUrl":"https:\/\/koi-radar.auction\/wp-content\/uploads\/2024\/12\/20241204_114816620_iOS.jpg","datePublished":"2024-12-03T20:44:52+00:00","dateModified":"2024-12-08T20:19:41+00:00","breadcrumb":{"@id":"https:\/\/koi-radar.auction\/fr\/produit\/223\/#breadcrumb"},"inLanguage":"fr-FR","potentialAction":[{"@type":"ReadAction","target":["https:\/\/koi-radar.auction\/fr\/produit\/223\/"]}]},{"@type":"ImageObject","inLanguage":"fr-FR","@id":"https:\/\/koi-radar.auction\/fr\/produit\/223\/#primaryimage","url":"https:\/\/koi-radar.auction\/wp-content\/uploads\/2024\/12\/20241204_114816620_iOS.jpg","contentUrl":"https:\/\/koi-radar.auction\/wp-content\/uploads\/2024\/12\/20241204_114816620_iOS.jpg","width":1536,"height":2048},{"@type":"BreadcrumbList","@id":"https:\/\/koi-radar.auction\/fr\/produit\/223\/#breadcrumb","itemListElement":[{"@type":"ListItem","position":1,"name":"Home","item":"https:\/\/koi-radar.auction\/fr\/"},{"@type":"ListItem","position":2,"name":"Produits","item":"https:\/\/koi-radar.auction\/fr\/shop\/"},{"@type":"ListItem","position":3,"name":"223: Delta Uv toestel 90 watt \/ Dispositif Uv Delta 90 watts"}]},{"@type":"WebSite","@id":"https:\/\/koi-radar.auction\/fr\/#website","url":"https:\/\/koi-radar.auction\/fr\/","name":"Koi Radar","description":"","publisher":{"@id":"https:\/\/koi-radar.auction\/fr\/#organization"},"potentialAction":[{"@type":"SearchAction","target":{"@type":"EntryPoint","urlTemplate":"https:\/\/koi-radar.auction\/fr\/?s={search_term_string}"},"query-input":{"@type":"PropertyValueSpecification","valueRequired":true,"valueName":"search_term_string"}}],"inLanguage":"fr-FR"},{"@type":"Organization","@id":"https:\/\/koi-radar.auction\/fr\/#organization","name":"Koi Radar","url":"https:\/\/koi-radar.auction\/fr\/","logo":{"@type":"ImageObject","inLanguage":"fr-FR","@id":"https:\/\/koi-radar.auction\/fr\/#\/schema\/logo\/image\/","url":"https:\/\/koi-radar.auction\/wp-content\/uploads\/2022\/03\/Koi-Radar-auctions-logo-1.svg","contentUrl":"https:\/\/koi-radar.auction\/wp-content\/uploads\/2022\/03\/Koi-Radar-auctions-logo-1.svg","caption":"Koi Radar"},"image":{"@id":"https:\/\/koi-radar.auction\/fr\/#\/schema\/logo\/image\/"}}]}},"_links":{"self":[{"href":"https:\/\/koi-radar.auction\/fr\/wp-json\/wp\/v2\/product\/13788","targetHints":{"allow":["GET"]}}],"collection":[{"href":"https:\/\/koi-radar.auction\/fr\/wp-json\/wp\/v2\/product"}],"about":[{"href":"https:\/\/koi-radar.auction\/fr\/wp-json\/wp\/v2\/types\/product"}],"wp:featuredmedia":[{"embeddable":true,"href":"https:\/\/koi-radar.auction\/fr\/wp-json\/wp\/v2\/media\/14233"}],"wp:attachment":[{"href":"https:\/\/koi-radar.auction\/fr\/wp-json\/wp\/v2\/media?parent=13788"}],"wp:term":[{"taxonomy":"product_brand","embeddable":true,"href":"https:\/\/koi-radar.auction\/fr\/wp-json\/wp\/v2\/product_brand?post=13788"},{"taxonomy":"product_cat","embeddable":true,"href":"https:\/\/koi-radar.auction\/fr\/wp-json\/wp\/v2\/product_cat?post=13788"},{"taxonomy":"product_tag","embeddable":true,"href":"https:\/\/koi-radar.auction\/fr\/wp-json\/wp\/v2\/product_tag?post=13788"}],"curies":[{"name":"wp","href":"https:\/\/api.w.org\/{rel}","templated":true}]}}