{"id":8034,"date":"2022-03-04T13:54:39","date_gmt":"2022-03-04T12:54:39","guid":{"rendered":"https:\/\/koi-radar.auction\/fonctionnement-du-site\/"},"modified":"2024-12-19T12:26:25","modified_gmt":"2024-12-19T11:26:25","slug":"fonctionnement-du-site","status":"publish","type":"page","link":"https:\/\/koi-radar.auction\/fr\/fonctionnement-du-site\/","title":{"rendered":"Fonctionnement du site"},"content":{"rendered":"<p><strong><em>Comment se d\u00e9roule\u00a0cette vente aux enche\u00e8re de ko\u00ef en ligne?\u00a0<\/em><\/strong><\/p>\n<p>Sur le site koi-radar.auction vous trouvez une s\u00e9lection de koi Japonais qui seront vendu selon le principe d\u2019une vente aux ench\u00e8res. Le koi\u00a0 ont un prix de lancement favorable. (TVA inclusif). A partir de ce prix commencera l\u2019ench\u00e9rissement.<br \/>\nChaque visiteur peut regarder tous les koi, les prix ainsi que les details.<\/p>\n<p>Si vous souhaitez ench\u00e9rir, vous avez besoin d\u2019un\u00a0compte. Vous pouvez cr\u00e9er un compte facilement et rapidement avec le tab \u201cCOMPTE\u201d.<br \/>\nQuand vous ne recevrez pas le mail de confirmation qui suit la demande de r\u00e9gistration, on vous conseille<br \/>\nde v\u00e9rifier votre mailbox de spam ou de nous contacter par mail.<br \/>\nApr\u00e8s l&#8217;introduction de votre demande d&#8217;inscription, vous recevrez de notre part un contrat de participation que vous devrez compl\u00e9ter et signer. Une fois le document renvoy\u00e9, votre compte sera approuv\u00e9 pour la participation.<br \/>\nSi vous ne recevez pas le contrat par email, vous pouvez t\u00e9l\u00e9charger le document ici et le renvoyer par \u00e0 info@kimskoi.be:<br \/>\n<a href=\"https:\/\/koi-radar.auction\/wp-content\/uploads\/2024\/12\/Convention-de-vente-KOI-RADAR-AUCTION-FR.pdf\">Convention de vente KOI RADAR AUCTION FR<\/a><\/p>\n<p><em><strong>Comment ench\u00e9rir?\u00a0<\/strong><\/em><\/p>\n<p>Pour une ench\u00e8re actuelle \u00e0 partir de \u20ac 25 jusqu\u2019au \u20ac 250 vous pouvez ench\u00e9rir avec un montant de au minimum 10 \u20ac.<\/p>\n<p>Pour une ench\u00e8re actuelle \u00e0 partir de \u20ac 251 \u00a0jusqu\u2019au \u20ac 1000 vous pouvez ench\u00e9rir avec un montant de au minimum 25 \u20ac.<\/p>\n<p><span data-contrast=\"auto\">Pour une ench\u00e8re actuelle \u00e0 partir de \u20ac 1001 vous pouvez ench\u00e9rir avec un montant de au minimum \u20ac 50.<\/span><span data-ccp-props=\"{&quot;201341983&quot;:0,&quot;335559739&quot;:160,&quot;335559740&quot;:259}\">\u00a0<\/span><\/p>\n<p><span data-ccp-props=\"{&quot;201341983&quot;:0,&quot;335559739&quot;:160,&quot;335559740&quot;:259}\">\u00a0<\/span><em><strong>D\u00e9but de la vente:<\/strong><\/em><span data-ccp-props=\"{&quot;201341983&quot;:0,&quot;335559739&quot;:160,&quot;335559740&quot;:259}\">\u00a0<\/span><\/p>\n<p><span data-contrast=\"auto\">Apr\u00e8s authorisation de votre demande re r\u00e9gistration (compte), vous pouvez ench\u00e9rir d\u00e8s le moment que la vente commence.<\/span><span data-ccp-props=\"{&quot;201341983&quot;:0,&quot;335559739&quot;:160,&quot;335559740&quot;:259}\">\u00a0<\/span><\/p>\n<p><em><strong>Fin de la vente:<\/strong><\/em><span data-ccp-props=\"{&quot;201341983&quot;:0,&quot;335559739&quot;:160,&quot;335559740&quot;:259}\">\u00a0<\/span><\/p>\n<p><span data-contrast=\"auto\">A chaque ench\u00e8re vous trouvez une notification de la fin de la vente.<\/span><span data-ccp-props=\"{&quot;201341983&quot;:0,&quot;335559739&quot;:160,&quot;335559740&quot;:259}\">\u00a0<\/span><\/p>\n<p><span data-ccp-props=\"{&quot;201341983&quot;:0,&quot;335559739&quot;:160,&quot;335559740&quot;:259}\">\u00a0<\/span><span data-contrast=\"auto\">Quand un offre est fait dans les 5 derni\u00e8res minutes avant que l\u2019ench\u00e8re se termine, l\u2019ench\u00e9rissement sera prolong\u00e9 \u00e0 5 minutes.<\/span><span data-ccp-props=\"{&quot;201341983&quot;:0,&quot;335559739&quot;:160,&quot;335559740&quot;:259}\">\u00a0<\/span><\/p>\n<p><span data-ccp-props=\"{&quot;201341983&quot;:0,&quot;335559739&quot;:160,&quot;335559740&quot;:259}\">\u00a0<\/span><em><strong>Pas de frais additionnels:\u00a0<\/strong><\/em><\/p>\n<p><span data-contrast=\"auto\">Le prix offerts sont inclusif de 21% de TVA et il n\u2019y a pas de frais d\u2019administration ou de frais d\u2019ench\u00e8res additionnels.<\/span> <span data-ccp-props=\"{&quot;201341983&quot;:0,&quot;335559739&quot;:160,&quot;335559740&quot;:259}\">\u00a0<\/span><\/p>\n<p><strong><em>Conditions g\u00e9n\u00e9rales de participation \u00e0 la vente aux ench\u00e8res :<\/em><\/strong><\/p>\n<p>Lorsque l&#8217;on remporte un lot, l&#8217;achat est soumis \u00e0 une obligation de paiement qui ne peut \u00eatre annul\u00e9e.<\/p>\n<p>Si le paiement n&#8217;est pas effectu\u00e9, un rappel de paiement sera envoy\u00e9.<\/p>\n<p>Le non-respect des conditions g\u00e9n\u00e9rales entra\u00eenera toujours la suspension de la participation \u00e0 toutes les ventes aux ench\u00e8res ult\u00e9rieures.<\/p>\n<p><em><strong>Enl\u00e8vement des ko\u00ef:<\/strong><\/em><span data-ccp-props=\"{&quot;201341983&quot;:0,&quot;335559739&quot;:160,&quot;335559740&quot;:259}\">\u00a0<\/span><\/p>\n<p>Les prix sont uniquement valables pour enl\u00e8vement des ko\u00ef entre les 30 jours au magasin de Kim\u2019s Koi ou chez votre Koi Radar dealer.<br \/>\nAttention: pour les ventes aux ench\u00e8res qui ont lieu dans les mois d&#8217;automne\/hiver (novembre\/d\u00e9cembre\/janvier\/f\u00e9vrier) les koi achet\u00e9s peuvent d\u00e9meurer chez Kim&#8217;s Koi jusqu&#8217;au 15 avril du saison qui suit la vente.<\/p>\n<p><span data-ccp-props=\"{&quot;201341983&quot;:0,&quot;335559739&quot;:160,&quot;335559740&quot;:259}\">\u00a0<\/span>Les livraison sont possibles dans certains cas mais ne sont pas inclus dans cette vente. Pour une livraison, veuillez nous contacter \u00e0 l\u2019avance pour les possibilit\u00e9es et les tarifs.<\/p>\n<p><em><strong>Paiement:\u00a0<\/strong><\/em><\/p>\n<p>Le paiement d\u2019une ench\u00e8re gangnante est uniquement possible par virement bancaire. Apr\u00e8s la fin de la vente aux ench\u00e8res vous r\u00e9c\u00e9vrez une facture de notre part qui doit \u00eatre pay\u00e9 dans le 5 jours ouvrables. Si l\u2019offre la plus \u00e9lev\u00e9e vous est adjug\u00e9e, vous vous engagez \u00e0 acheter le ko\u00ef avec obligation de paiement. Une fois l\u2019offre adjug\u00e9e, l\u2019annulation n\u2019est plus possible.<br \/>\nLes conditions d\u00e9taill\u00e9es pour le stockage des kois peuvent \u00eatre consult\u00e9es ici:<br \/>\n<a href=\"https:\/\/koi-radar.auction\/wp-content\/uploads\/2024\/12\/Conditions-generales-de-vente-Koi-Radar-Auctions-FR.pdf\">Conditions g\u00e9n\u00e9rales de vente Koi Radar Auctions FR<\/a><\/p>\n<p><strong><i>Question ou remarques?<\/i>\u00a0<\/strong><\/p>\n<p>Pour toute information, vous pouvez nous contacter par mail: <a href=\"mailto:info@kimskoi.be\">info@kimskoi.be<\/a>.<\/p>\n<p><span data-ccp-props=\"{&quot;201341983&quot;:0,&quot;335559739&quot;:160,&quot;335559740&quot;:259}\">\u00a0<\/span><\/p>\n<p><i><span data-contrast=\"auto\">Le Team de Koi Radar<\/span><\/i><span data-ccp-props=\"{&quot;201341983&quot;:0,&quot;335559739&quot;:160,&quot;335559740&quot;:259}\">\u00a0<\/span><\/p>\n<p><span data-ccp-props=\"{&quot;201341983&quot;:0,&quot;335559739&quot;:160,&quot;335559740&quot;:259}\">\u00a0<\/span><\/p>\n<p><span data-ccp-props=\"{&quot;201341983&quot;:0,&quot;335559739&quot;:160,&quot;335559740&quot;:259}\">\u00a0<\/span><\/p>\n","protected":false},"excerpt":{"rendered":"<p>Comment se d\u00e9roule\u00a0cette vente aux enche\u00e8re de ko\u00ef en ligne?\u00a0 Sur le site koi-radar.auction vous trouvez une s\u00e9lection de koi Japonais qui seront vendu selon le principe d\u2019une vente aux ench\u00e8res. Le koi\u00a0 ont un prix de lancement favorable. (TVA inclusif). A partir de ce prix commencera l\u2019ench\u00e9rissement. Chaque visiteur peut regarder tous les koi,<a class=\"more-link\" href=\"https:\/\/koi-radar.auction\/fr\/fonctionnement-du-site\/\">Read more  &#10230;<\/a><\/p>\n","protected":false},"author":6,"featured_media":0,"parent":0,"menu_order":0,"comment_status":"closed","ping_status":"closed","template":"","meta":{"_acf_changed":false,"_crdt_document":"","inline_featured_image":false,"footnotes":""},"class_list":["post-8034","page","type-page","status-publish","hentry"],"acf":[],"yoast_head":"<!-- This site is optimized with the Yoast SEO plugin v27.2 - https:\/\/yoast.com\/product\/yoast-seo-wordpress\/ -->\n<title>Fonctionnement du site - Koi Radar<\/title>\n<meta name=\"robots\" content=\"index, follow, max-snippet:-1, max-image-preview:large, max-video-preview:-1\" \/>\n<link rel=\"canonical\" href=\"https:\/\/koi-radar.auction\/fr\/fonctionnement-du-site\/\" \/>\n<meta property=\"og:locale\" content=\"fr_FR\" \/>\n<meta property=\"og:type\" content=\"article\" \/>\n<meta property=\"og:title\" content=\"Fonctionnement du site - Koi Radar\" \/>\n<meta property=\"og:description\" content=\"Comment se d\u00e9roule\u00a0cette vente aux enche\u00e8re de ko\u00ef en ligne?\u00a0 Sur le site koi-radar.auction vous trouvez une s\u00e9lection de koi Japonais qui seront vendu selon le principe d\u2019une vente aux ench\u00e8res. Le koi\u00a0 ont un prix de lancement favorable. (TVA inclusif). A partir de ce prix commencera l\u2019ench\u00e9rissement. Chaque visiteur peut regarder tous les koi,Read more &#10230;\" \/>\n<meta property=\"og:url\" content=\"https:\/\/koi-radar.auction\/fr\/fonctionnement-du-site\/\" \/>\n<meta property=\"og:site_name\" content=\"Koi Radar\" \/>\n<meta property=\"article:modified_time\" content=\"2024-12-19T11:26:25+00:00\" \/>\n<meta name=\"twitter:card\" content=\"summary_large_image\" \/>\n<meta name=\"twitter:label1\" content=\"Dur\u00e9e de lecture estim\u00e9e\" \/>\n\t<meta name=\"twitter:data1\" content=\"3 minutes\" \/>\n<script type=\"application\/ld+json\" class=\"yoast-schema-graph\">{\"@context\":\"https:\/\/schema.org\",\"@graph\":[{\"@type\":\"WebPage\",\"@id\":\"https:\/\/koi-radar.auction\/fr\/fonctionnement-du-site\/\",\"url\":\"https:\/\/koi-radar.auction\/fr\/fonctionnement-du-site\/\",\"name\":\"Fonctionnement du site - Koi Radar\",\"isPartOf\":{\"@id\":\"https:\/\/koi-radar.auction\/fr\/#website\"},\"datePublished\":\"2022-03-04T12:54:39+00:00\",\"dateModified\":\"2024-12-19T11:26:25+00:00\",\"breadcrumb\":{\"@id\":\"https:\/\/koi-radar.auction\/fr\/fonctionnement-du-site\/#breadcrumb\"},\"inLanguage\":\"fr-FR\",\"potentialAction\":[{\"@type\":\"ReadAction\",\"target\":[\"https:\/\/koi-radar.auction\/fr\/fonctionnement-du-site\/\"]}]},{\"@type\":\"BreadcrumbList\",\"@id\":\"https:\/\/koi-radar.auction\/fr\/fonctionnement-du-site\/#breadcrumb\",\"itemListElement\":[{\"@type\":\"ListItem\",\"position\":1,\"name\":\"Home\",\"item\":\"https:\/\/koi-radar.auction\/fr\/\"},{\"@type\":\"ListItem\",\"position\":2,\"name\":\"Fonctionnement du site\"}]},{\"@type\":\"WebSite\",\"@id\":\"https:\/\/koi-radar.auction\/fr\/#website\",\"url\":\"https:\/\/koi-radar.auction\/fr\/\",\"name\":\"Koi Radar\",\"description\":\"\",\"publisher\":{\"@id\":\"https:\/\/koi-radar.auction\/fr\/#organization\"},\"potentialAction\":[{\"@type\":\"SearchAction\",\"target\":{\"@type\":\"EntryPoint\",\"urlTemplate\":\"https:\/\/koi-radar.auction\/fr\/?s={search_term_string}\"},\"query-input\":{\"@type\":\"PropertyValueSpecification\",\"valueRequired\":true,\"valueName\":\"search_term_string\"}}],\"inLanguage\":\"fr-FR\"},{\"@type\":\"Organization\",\"@id\":\"https:\/\/koi-radar.auction\/fr\/#organization\",\"name\":\"Koi Radar\",\"url\":\"https:\/\/koi-radar.auction\/fr\/\",\"logo\":{\"@type\":\"ImageObject\",\"inLanguage\":\"fr-FR\",\"@id\":\"https:\/\/koi-radar.auction\/fr\/#\/schema\/logo\/image\/\",\"url\":\"https:\/\/koi-radar.auction\/wp-content\/uploads\/2022\/03\/Koi-Radar-auctions-logo-1.svg\",\"contentUrl\":\"https:\/\/koi-radar.auction\/wp-content\/uploads\/2022\/03\/Koi-Radar-auctions-logo-1.svg\",\"caption\":\"Koi Radar\"},\"image\":{\"@id\":\"https:\/\/koi-radar.auction\/fr\/#\/schema\/logo\/image\/\"}}]}<\/script>\n<!-- \/ Yoast SEO plugin. -->","yoast_head_json":{"title":"Fonctionnement du site - Koi Radar","robots":{"index":"index","follow":"follow","max-snippet":"max-snippet:-1","max-image-preview":"max-image-preview:large","max-video-preview":"max-video-preview:-1"},"canonical":"https:\/\/koi-radar.auction\/fr\/fonctionnement-du-site\/","og_locale":"fr_FR","og_type":"article","og_title":"Fonctionnement du site - Koi Radar","og_description":"Comment se d\u00e9roule\u00a0cette vente aux enche\u00e8re de ko\u00ef en ligne?\u00a0 Sur le site koi-radar.auction vous trouvez une s\u00e9lection de koi Japonais qui seront vendu selon le principe d\u2019une vente aux ench\u00e8res. Le koi\u00a0 ont un prix de lancement favorable. (TVA inclusif). A partir de ce prix commencera l\u2019ench\u00e9rissement. Chaque visiteur peut regarder tous les koi,Read more &#10230;","og_url":"https:\/\/koi-radar.auction\/fr\/fonctionnement-du-site\/","og_site_name":"Koi Radar","article_modified_time":"2024-12-19T11:26:25+00:00","twitter_card":"summary_large_image","twitter_misc":{"Dur\u00e9e de lecture estim\u00e9e":"3 minutes"},"schema":{"@context":"https:\/\/schema.org","@graph":[{"@type":"WebPage","@id":"https:\/\/koi-radar.auction\/fr\/fonctionnement-du-site\/","url":"https:\/\/koi-radar.auction\/fr\/fonctionnement-du-site\/","name":"Fonctionnement du site - Koi Radar","isPartOf":{"@id":"https:\/\/koi-radar.auction\/fr\/#website"},"datePublished":"2022-03-04T12:54:39+00:00","dateModified":"2024-12-19T11:26:25+00:00","breadcrumb":{"@id":"https:\/\/koi-radar.auction\/fr\/fonctionnement-du-site\/#breadcrumb"},"inLanguage":"fr-FR","potentialAction":[{"@type":"ReadAction","target":["https:\/\/koi-radar.auction\/fr\/fonctionnement-du-site\/"]}]},{"@type":"BreadcrumbList","@id":"https:\/\/koi-radar.auction\/fr\/fonctionnement-du-site\/#breadcrumb","itemListElement":[{"@type":"ListItem","position":1,"name":"Home","item":"https:\/\/koi-radar.auction\/fr\/"},{"@type":"ListItem","position":2,"name":"Fonctionnement du site"}]},{"@type":"WebSite","@id":"https:\/\/koi-radar.auction\/fr\/#website","url":"https:\/\/koi-radar.auction\/fr\/","name":"Koi Radar","description":"","publisher":{"@id":"https:\/\/koi-radar.auction\/fr\/#organization"},"potentialAction":[{"@type":"SearchAction","target":{"@type":"EntryPoint","urlTemplate":"https:\/\/koi-radar.auction\/fr\/?s={search_term_string}"},"query-input":{"@type":"PropertyValueSpecification","valueRequired":true,"valueName":"search_term_string"}}],"inLanguage":"fr-FR"},{"@type":"Organization","@id":"https:\/\/koi-radar.auction\/fr\/#organization","name":"Koi Radar","url":"https:\/\/koi-radar.auction\/fr\/","logo":{"@type":"ImageObject","inLanguage":"fr-FR","@id":"https:\/\/koi-radar.auction\/fr\/#\/schema\/logo\/image\/","url":"https:\/\/koi-radar.auction\/wp-content\/uploads\/2022\/03\/Koi-Radar-auctions-logo-1.svg","contentUrl":"https:\/\/koi-radar.auction\/wp-content\/uploads\/2022\/03\/Koi-Radar-auctions-logo-1.svg","caption":"Koi Radar"},"image":{"@id":"https:\/\/koi-radar.auction\/fr\/#\/schema\/logo\/image\/"}}]}},"_links":{"self":[{"href":"https:\/\/koi-radar.auction\/fr\/wp-json\/wp\/v2\/pages\/8034","targetHints":{"allow":["GET"]}}],"collection":[{"href":"https:\/\/koi-radar.auction\/fr\/wp-json\/wp\/v2\/pages"}],"about":[{"href":"https:\/\/koi-radar.auction\/fr\/wp-json\/wp\/v2\/types\/page"}],"author":[{"embeddable":true,"href":"https:\/\/koi-radar.auction\/fr\/wp-json\/wp\/v2\/users\/6"}],"replies":[{"embeddable":true,"href":"https:\/\/koi-radar.auction\/fr\/wp-json\/wp\/v2\/comments?post=8034"}],"version-history":[{"count":14,"href":"https:\/\/koi-radar.auction\/fr\/wp-json\/wp\/v2\/pages\/8034\/revisions"}],"predecessor-version":[{"id":14947,"href":"https:\/\/koi-radar.auction\/fr\/wp-json\/wp\/v2\/pages\/8034\/revisions\/14947"}],"wp:attachment":[{"href":"https:\/\/koi-radar.auction\/fr\/wp-json\/wp\/v2\/media?parent=8034"}],"curies":[{"name":"wp","href":"https:\/\/api.w.org\/{rel}","templated":true}]}}