{"id":8032,"date":"2022-03-04T13:57:19","date_gmt":"2022-03-04T12:57:19","guid":{"rendered":"https:\/\/koi-radar.auction\/enlevement\/"},"modified":"2023-09-18T11:19:12","modified_gmt":"2023-09-18T09:19:12","slug":"enlevement","status":"publish","type":"page","link":"https:\/\/koi-radar.auction\/fr\/enlevement\/","title":{"rendered":"Enl\u00e8vement"},"content":{"rendered":"<p><em><strong>Enl\u00e8vement des ko\u00ef:<\/strong><\/em><span data-ccp-props=\"{&quot;201341983&quot;:0,&quot;335559739&quot;:160,&quot;335559740&quot;:259}\">\u00a0<\/span><\/p>\n<p>Les prix sont uniquement valables pour enl\u00e8vement des ko\u00ef avant la date stipul\u00e9e pour la vente aux ench\u00e8res concern\u00e9e au magasin de Kim\u2019s Koi ou chez votre Koi Radar dealer.<\/p>\n<p><span data-ccp-props=\"{&quot;201341983&quot;:0,&quot;335559739&quot;:160,&quot;335559740&quot;:259}\">\u00a0<\/span>Les livraison sont possibles dans certains cas mais ne sont pas inclus dans cette vente. Pour une livraison, veuillez nous contacter \u00e0 l\u2019avance pour les possibilit\u00e9es et les tarifs.<\/p>\n<p><em><strong>Paiement:\u00a0<\/strong><\/em><\/p>\n<p>Le paiement d\u2019une ench\u00e8re gangnante est uniquement possible par virement bancaire. Apr\u00e8s la fin de la vente aux ench\u00e8res vous r\u00e9c\u00e9vrez une facture de notre part qui doit \u00eatre pay\u00e9 dans le 8 jours.<\/p>\n<p><strong><i>Question ou remarques?<\/i>\u00a0<\/strong><\/p>\n<p>Contactez-nous par mail:\u00a0<a href=\"mailto:info@kimskoi.be\">info@kimskoi.be<\/a>.<\/p>\n","protected":false},"excerpt":{"rendered":"<p>Enl\u00e8vement des ko\u00ef:\u00a0 Les prix sont uniquement valables pour enl\u00e8vement des ko\u00ef avant la date stipul\u00e9e pour la vente aux ench\u00e8res concern\u00e9e au magasin de Kim\u2019s Koi ou chez votre Koi Radar dealer. \u00a0Les livraison sont possibles dans certains cas mais ne sont pas inclus dans cette vente. Pour une livraison, veuillez nous contacter \u00e0<a class=\"more-link\" href=\"https:\/\/koi-radar.auction\/fr\/enlevement\/\">Read more  &#10230;<\/a><\/p>\n","protected":false},"author":6,"featured_media":0,"parent":0,"menu_order":0,"comment_status":"closed","ping_status":"closed","template":"","meta":{"_acf_changed":false,"_crdt_document":"","inline_featured_image":false,"footnotes":""},"class_list":["post-8032","page","type-page","status-publish","hentry"],"acf":[],"yoast_head":"<!-- This site is optimized with the Yoast SEO plugin v27.2 - https:\/\/yoast.com\/product\/yoast-seo-wordpress\/ -->\n<title>Enl\u00e8vement - Koi Radar<\/title>\n<meta name=\"robots\" content=\"index, follow, max-snippet:-1, max-image-preview:large, max-video-preview:-1\" \/>\n<link rel=\"canonical\" href=\"https:\/\/koi-radar.auction\/fr\/enlevement\/\" \/>\n<meta property=\"og:locale\" content=\"fr_FR\" \/>\n<meta property=\"og:type\" content=\"article\" \/>\n<meta property=\"og:title\" content=\"Enl\u00e8vement - Koi Radar\" \/>\n<meta property=\"og:description\" content=\"Enl\u00e8vement des ko\u00ef:\u00a0 Les prix sont uniquement valables pour enl\u00e8vement des ko\u00ef avant la date stipul\u00e9e pour la vente aux ench\u00e8res concern\u00e9e au magasin de Kim\u2019s Koi ou chez votre Koi Radar dealer. \u00a0Les livraison sont possibles dans certains cas mais ne sont pas inclus dans cette vente. Pour une livraison, veuillez nous contacter \u00e0Read more &#10230;\" \/>\n<meta property=\"og:url\" content=\"https:\/\/koi-radar.auction\/fr\/enlevement\/\" \/>\n<meta property=\"og:site_name\" content=\"Koi Radar\" \/>\n<meta property=\"article:modified_time\" content=\"2023-09-18T09:19:12+00:00\" \/>\n<meta name=\"twitter:card\" content=\"summary_large_image\" \/>\n<meta name=\"twitter:label1\" content=\"Dur\u00e9e de lecture estim\u00e9e\" \/>\n\t<meta name=\"twitter:data1\" content=\"1 minute\" \/>\n<script type=\"application\/ld+json\" class=\"yoast-schema-graph\">{\"@context\":\"https:\/\/schema.org\",\"@graph\":[{\"@type\":\"WebPage\",\"@id\":\"https:\/\/koi-radar.auction\/fr\/enlevement\/\",\"url\":\"https:\/\/koi-radar.auction\/fr\/enlevement\/\",\"name\":\"Enl\u00e8vement - Koi Radar\",\"isPartOf\":{\"@id\":\"https:\/\/koi-radar.auction\/fr\/#website\"},\"datePublished\":\"2022-03-04T12:57:19+00:00\",\"dateModified\":\"2023-09-18T09:19:12+00:00\",\"breadcrumb\":{\"@id\":\"https:\/\/koi-radar.auction\/fr\/enlevement\/#breadcrumb\"},\"inLanguage\":\"fr-FR\",\"potentialAction\":[{\"@type\":\"ReadAction\",\"target\":[\"https:\/\/koi-radar.auction\/fr\/enlevement\/\"]}]},{\"@type\":\"BreadcrumbList\",\"@id\":\"https:\/\/koi-radar.auction\/fr\/enlevement\/#breadcrumb\",\"itemListElement\":[{\"@type\":\"ListItem\",\"position\":1,\"name\":\"Home\",\"item\":\"https:\/\/koi-radar.auction\/fr\/\"},{\"@type\":\"ListItem\",\"position\":2,\"name\":\"Enl\u00e8vement\"}]},{\"@type\":\"WebSite\",\"@id\":\"https:\/\/koi-radar.auction\/fr\/#website\",\"url\":\"https:\/\/koi-radar.auction\/fr\/\",\"name\":\"Koi Radar\",\"description\":\"\",\"publisher\":{\"@id\":\"https:\/\/koi-radar.auction\/fr\/#organization\"},\"potentialAction\":[{\"@type\":\"SearchAction\",\"target\":{\"@type\":\"EntryPoint\",\"urlTemplate\":\"https:\/\/koi-radar.auction\/fr\/?s={search_term_string}\"},\"query-input\":{\"@type\":\"PropertyValueSpecification\",\"valueRequired\":true,\"valueName\":\"search_term_string\"}}],\"inLanguage\":\"fr-FR\"},{\"@type\":\"Organization\",\"@id\":\"https:\/\/koi-radar.auction\/fr\/#organization\",\"name\":\"Koi Radar\",\"url\":\"https:\/\/koi-radar.auction\/fr\/\",\"logo\":{\"@type\":\"ImageObject\",\"inLanguage\":\"fr-FR\",\"@id\":\"https:\/\/koi-radar.auction\/fr\/#\/schema\/logo\/image\/\",\"url\":\"https:\/\/koi-radar.auction\/wp-content\/uploads\/2022\/03\/Koi-Radar-auctions-logo-1.svg\",\"contentUrl\":\"https:\/\/koi-radar.auction\/wp-content\/uploads\/2022\/03\/Koi-Radar-auctions-logo-1.svg\",\"caption\":\"Koi Radar\"},\"image\":{\"@id\":\"https:\/\/koi-radar.auction\/fr\/#\/schema\/logo\/image\/\"}}]}<\/script>\n<!-- \/ Yoast SEO plugin. -->","yoast_head_json":{"title":"Enl\u00e8vement - Koi Radar","robots":{"index":"index","follow":"follow","max-snippet":"max-snippet:-1","max-image-preview":"max-image-preview:large","max-video-preview":"max-video-preview:-1"},"canonical":"https:\/\/koi-radar.auction\/fr\/enlevement\/","og_locale":"fr_FR","og_type":"article","og_title":"Enl\u00e8vement - Koi Radar","og_description":"Enl\u00e8vement des ko\u00ef:\u00a0 Les prix sont uniquement valables pour enl\u00e8vement des ko\u00ef avant la date stipul\u00e9e pour la vente aux ench\u00e8res concern\u00e9e au magasin de Kim\u2019s Koi ou chez votre Koi Radar dealer. \u00a0Les livraison sont possibles dans certains cas mais ne sont pas inclus dans cette vente. Pour une livraison, veuillez nous contacter \u00e0Read more &#10230;","og_url":"https:\/\/koi-radar.auction\/fr\/enlevement\/","og_site_name":"Koi Radar","article_modified_time":"2023-09-18T09:19:12+00:00","twitter_card":"summary_large_image","twitter_misc":{"Dur\u00e9e de lecture estim\u00e9e":"1 minute"},"schema":{"@context":"https:\/\/schema.org","@graph":[{"@type":"WebPage","@id":"https:\/\/koi-radar.auction\/fr\/enlevement\/","url":"https:\/\/koi-radar.auction\/fr\/enlevement\/","name":"Enl\u00e8vement - Koi Radar","isPartOf":{"@id":"https:\/\/koi-radar.auction\/fr\/#website"},"datePublished":"2022-03-04T12:57:19+00:00","dateModified":"2023-09-18T09:19:12+00:00","breadcrumb":{"@id":"https:\/\/koi-radar.auction\/fr\/enlevement\/#breadcrumb"},"inLanguage":"fr-FR","potentialAction":[{"@type":"ReadAction","target":["https:\/\/koi-radar.auction\/fr\/enlevement\/"]}]},{"@type":"BreadcrumbList","@id":"https:\/\/koi-radar.auction\/fr\/enlevement\/#breadcrumb","itemListElement":[{"@type":"ListItem","position":1,"name":"Home","item":"https:\/\/koi-radar.auction\/fr\/"},{"@type":"ListItem","position":2,"name":"Enl\u00e8vement"}]},{"@type":"WebSite","@id":"https:\/\/koi-radar.auction\/fr\/#website","url":"https:\/\/koi-radar.auction\/fr\/","name":"Koi Radar","description":"","publisher":{"@id":"https:\/\/koi-radar.auction\/fr\/#organization"},"potentialAction":[{"@type":"SearchAction","target":{"@type":"EntryPoint","urlTemplate":"https:\/\/koi-radar.auction\/fr\/?s={search_term_string}"},"query-input":{"@type":"PropertyValueSpecification","valueRequired":true,"valueName":"search_term_string"}}],"inLanguage":"fr-FR"},{"@type":"Organization","@id":"https:\/\/koi-radar.auction\/fr\/#organization","name":"Koi Radar","url":"https:\/\/koi-radar.auction\/fr\/","logo":{"@type":"ImageObject","inLanguage":"fr-FR","@id":"https:\/\/koi-radar.auction\/fr\/#\/schema\/logo\/image\/","url":"https:\/\/koi-radar.auction\/wp-content\/uploads\/2022\/03\/Koi-Radar-auctions-logo-1.svg","contentUrl":"https:\/\/koi-radar.auction\/wp-content\/uploads\/2022\/03\/Koi-Radar-auctions-logo-1.svg","caption":"Koi Radar"},"image":{"@id":"https:\/\/koi-radar.auction\/fr\/#\/schema\/logo\/image\/"}}]}},"_links":{"self":[{"href":"https:\/\/koi-radar.auction\/fr\/wp-json\/wp\/v2\/pages\/8032","targetHints":{"allow":["GET"]}}],"collection":[{"href":"https:\/\/koi-radar.auction\/fr\/wp-json\/wp\/v2\/pages"}],"about":[{"href":"https:\/\/koi-radar.auction\/fr\/wp-json\/wp\/v2\/types\/page"}],"author":[{"embeddable":true,"href":"https:\/\/koi-radar.auction\/fr\/wp-json\/wp\/v2\/users\/6"}],"replies":[{"embeddable":true,"href":"https:\/\/koi-radar.auction\/fr\/wp-json\/wp\/v2\/comments?post=8032"}],"version-history":[{"count":2,"href":"https:\/\/koi-radar.auction\/fr\/wp-json\/wp\/v2\/pages\/8032\/revisions"}],"predecessor-version":[{"id":11793,"href":"https:\/\/koi-radar.auction\/fr\/wp-json\/wp\/v2\/pages\/8032\/revisions\/11793"}],"wp:attachment":[{"href":"https:\/\/koi-radar.auction\/fr\/wp-json\/wp\/v2\/media?parent=8032"}],"curies":[{"name":"wp","href":"https:\/\/api.w.org\/{rel}","templated":true}]}}