{"id":7411,"date":"2022-01-27T16:12:11","date_gmt":"2022-01-27T15:12:11","guid":{"rendered":"https:\/\/koi-radar.auction\/boutique\/"},"modified":"2026-01-21T16:29:15","modified_gmt":"2026-01-21T15:29:15","slug":"boutique","status":"publish","type":"page","link":"https:\/\/koi-radar.auction\/fr\/","title":{"rendered":"Ventes aux ench\u00e8res"},"content":{"rendered":"<p>\u00c0 l\u2019approche du printemps, nous organisons le dimanche 1er f\u00e9vrier notre premi\u00e8re vente aux ench\u00e8res de koi en ligne. La s\u00e9lection comprend des tosai choisis r\u00e9cemment par Kim au Japon chez des \u00e9leveurs r\u00e9put\u00e9s, ainsi que de beaux nisai dans diff\u00e9rentes vari\u00e9t\u00e9s.<\/p>\n<p>Le catalogue sera disponible en ligne \u00e0 partir du mercredi 28 janvier \u00e0 11h.<br \/>\nLa vente se cl\u00f4turera le dimanche 1er f\u00e9vrier \u00e0 partir de 20h00.<\/p>\n<p>Tous les koi peuvent s\u00e9journer gratuitement chez nous jusqu\u2019au 15 avril 2026.<br \/>\nLe paiement s\u2019effectue en deux temps : 50 % \u00e0 l\u2019achat et 50 % lors de l\u2019enl\u00e8vement.<\/p>\n<p>Vous pouvez trouver tous les conditions de vente en cliquant le lien suivant:<br \/>\n<a href=\"https:\/\/koi-radar.auction\/wp-content\/uploads\/2024\/12\/Conditions-generales-de-vente-Koi-Radar-Auctions-FR.pdf\">Conditions g\u00e9n\u00e9rales de vente Koi Radar Auctions FR<\/a><\/p>\n<p><em><strong>COMMENT PARTICIPER?<\/strong><\/em><\/p>\n<p>Vous pouvez vous enr\u00e9gistrer avec le tab \u201cMon compte\u201d \u2013 S\u2019enr\u00e9gistrer\u201d. Vous remplissez votre addresse mail et vous choissisez un mot de passe.<br \/>\nPuis on doit authoriser votre enr\u00e9gistration.<br \/>\nVous recevrez une convention de vente \u00e0 remplir, soussigner et renvoyer.<br \/>\nD\u00e8s le moment qu\u2019on a re\u00e7u ce document, on peut authoriser votre compte. Attention! Les mails parfois arrivent dans votre boite de SPAM.<br \/>\nSi vous ne recevez pas de contrat par email, vous pouvez le t\u00e9l\u00e9charger ici :<\/p>\n<p><a href=\"https:\/\/koi-radar.auction\/wp-content\/uploads\/2024\/12\/Convention-de-vente-KOI-RADAR-AUCTION-FR.pdf\">Convention de vente KOI RADAR AUCTION FR<\/a><\/p>\n<p>Pour toute information vous pouvez nous contacter par webshop@kimskoi.be.<\/p>\n<p>Bonne chance aux ench\u00e8res!<br \/>\nL\u2019\u00e9quipe de Koi Radar<\/p>\n","protected":false},"excerpt":{"rendered":"<p>\u00c0 l\u2019approche du printemps, nous organisons le dimanche 1er f\u00e9vrier notre premi\u00e8re vente aux ench\u00e8res de koi en ligne. La s\u00e9lection comprend des tosai choisis r\u00e9cemment par Kim au Japon chez des \u00e9leveurs r\u00e9put\u00e9s, ainsi que de beaux nisai dans diff\u00e9rentes vari\u00e9t\u00e9s. Le catalogue sera disponible en ligne \u00e0 partir du mercredi 28 janvier \u00e0<a class=\"more-link\" href=\"https:\/\/koi-radar.auction\/fr\/\">Read more  &#10230;<\/a><\/p>\n","protected":false},"author":6,"featured_media":16587,"parent":0,"menu_order":0,"comment_status":"closed","ping_status":"closed","template":"tpl-auctions.php","meta":{"_acf_changed":false,"_crdt_document":"","inline_featured_image":false,"footnotes":""},"class_list":["post-7411","page","type-page","status-publish","has-post-thumbnail","hentry"],"acf":[],"yoast_head":"<!-- This site is optimized with the Yoast SEO plugin v27.2 - https:\/\/yoast.com\/product\/yoast-seo-wordpress\/ -->\n<title>Ventes aux ench\u00e8res - Koi Radar<\/title>\n<meta name=\"description\" content=\"Vous souhaitez acheter des ko\u00efs japonais ? Suivez les derni\u00e8res ench\u00e8res sur KOI-RADAR. Des ko\u00efs uniques et de qualit\u00e9 sup\u00e9rieure sont r\u00e9guli\u00e8rement propos\u00e9s. Les ench\u00e8res sont gratuites ! Inscrivez-vous d\u00e8s maintenant !\" \/>\n<meta name=\"robots\" content=\"index, follow, max-snippet:-1, max-image-preview:large, max-video-preview:-1\" \/>\n<link rel=\"canonical\" href=\"https:\/\/koi-radar.auction\/fr\/\" \/>\n<meta property=\"og:locale\" content=\"fr_FR\" \/>\n<meta property=\"og:type\" content=\"article\" \/>\n<meta property=\"og:title\" content=\"Ventes aux ench\u00e8res - Koi Radar\" \/>\n<meta property=\"og:description\" content=\"Vous souhaitez acheter des ko\u00efs japonais ? Suivez les derni\u00e8res ench\u00e8res sur KOI-RADAR. Des ko\u00efs uniques et de qualit\u00e9 sup\u00e9rieure sont r\u00e9guli\u00e8rement propos\u00e9s. Les ench\u00e8res sont gratuites ! Inscrivez-vous d\u00e8s maintenant !\" \/>\n<meta property=\"og:url\" content=\"https:\/\/koi-radar.auction\/fr\/\" \/>\n<meta property=\"og:site_name\" content=\"Koi Radar\" \/>\n<meta property=\"article:modified_time\" content=\"2026-01-21T15:29:15+00:00\" \/>\n<meta property=\"og:image\" content=\"https:\/\/koi-radar.auction\/wp-content\/uploads\/2026\/01\/Banner-website.png\" \/>\n\t<meta property=\"og:image:width\" content=\"1920\" \/>\n\t<meta property=\"og:image:height\" content=\"1320\" \/>\n\t<meta property=\"og:image:type\" content=\"image\/png\" \/>\n<meta name=\"twitter:card\" content=\"summary_large_image\" \/>\n<meta name=\"twitter:label1\" content=\"Dur\u00e9e de lecture estim\u00e9e\" \/>\n\t<meta name=\"twitter:data1\" content=\"1 minute\" \/>\n<script type=\"application\/ld+json\" class=\"yoast-schema-graph\">{\"@context\":\"https:\/\/schema.org\",\"@graph\":[{\"@type\":\"WebPage\",\"@id\":\"https:\/\/koi-radar.auction\/fr\/\",\"url\":\"https:\/\/koi-radar.auction\/fr\/\",\"name\":\"Ventes aux ench\u00e8res - Koi Radar\",\"isPartOf\":{\"@id\":\"https:\/\/koi-radar.auction\/fr\/#website\"},\"primaryImageOfPage\":{\"@id\":\"https:\/\/koi-radar.auction\/fr\/#primaryimage\"},\"image\":{\"@id\":\"https:\/\/koi-radar.auction\/fr\/#primaryimage\"},\"thumbnailUrl\":\"https:\/\/koi-radar.auction\/wp-content\/uploads\/2026\/04\/Banner-KOI-RADAR-apr-26.png\",\"datePublished\":\"2022-01-27T15:12:11+00:00\",\"dateModified\":\"2026-01-21T15:29:15+00:00\",\"description\":\"Vous souhaitez acheter des ko\u00efs japonais ? Suivez les derni\u00e8res ench\u00e8res sur KOI-RADAR. Des ko\u00efs uniques et de qualit\u00e9 sup\u00e9rieure sont r\u00e9guli\u00e8rement propos\u00e9s. Les ench\u00e8res sont gratuites ! Inscrivez-vous d\u00e8s maintenant !\",\"breadcrumb\":{\"@id\":\"https:\/\/koi-radar.auction\/fr\/#breadcrumb\"},\"inLanguage\":\"fr-FR\",\"potentialAction\":[{\"@type\":\"ReadAction\",\"target\":[\"https:\/\/koi-radar.auction\/fr\/\"]}]},{\"@type\":\"ImageObject\",\"inLanguage\":\"fr-FR\",\"@id\":\"https:\/\/koi-radar.auction\/fr\/#primaryimage\",\"url\":\"https:\/\/koi-radar.auction\/wp-content\/uploads\/2026\/04\/Banner-KOI-RADAR-apr-26.png\",\"contentUrl\":\"https:\/\/koi-radar.auction\/wp-content\/uploads\/2026\/04\/Banner-KOI-RADAR-apr-26.png\",\"width\":1920,\"height\":1320},{\"@type\":\"BreadcrumbList\",\"@id\":\"https:\/\/koi-radar.auction\/fr\/#breadcrumb\",\"itemListElement\":[{\"@type\":\"ListItem\",\"position\":1,\"name\":\"Home\",\"item\":\"https:\/\/koi-radar.auction\/fr\/\"},{\"@type\":\"ListItem\",\"position\":2,\"name\":\"Ventes aux ench\u00e8res\"}]},{\"@type\":\"WebSite\",\"@id\":\"https:\/\/koi-radar.auction\/fr\/#website\",\"url\":\"https:\/\/koi-radar.auction\/fr\/\",\"name\":\"Koi Radar\",\"description\":\"\",\"publisher\":{\"@id\":\"https:\/\/koi-radar.auction\/fr\/#organization\"},\"potentialAction\":[{\"@type\":\"SearchAction\",\"target\":{\"@type\":\"EntryPoint\",\"urlTemplate\":\"https:\/\/koi-radar.auction\/fr\/?s={search_term_string}\"},\"query-input\":{\"@type\":\"PropertyValueSpecification\",\"valueRequired\":true,\"valueName\":\"search_term_string\"}}],\"inLanguage\":\"fr-FR\"},{\"@type\":\"Organization\",\"@id\":\"https:\/\/koi-radar.auction\/fr\/#organization\",\"name\":\"Koi Radar\",\"url\":\"https:\/\/koi-radar.auction\/fr\/\",\"logo\":{\"@type\":\"ImageObject\",\"inLanguage\":\"fr-FR\",\"@id\":\"https:\/\/koi-radar.auction\/fr\/#\/schema\/logo\/image\/\",\"url\":\"https:\/\/koi-radar.auction\/wp-content\/uploads\/2022\/03\/Koi-Radar-auctions-logo-1.svg\",\"contentUrl\":\"https:\/\/koi-radar.auction\/wp-content\/uploads\/2022\/03\/Koi-Radar-auctions-logo-1.svg\",\"caption\":\"Koi Radar\"},\"image\":{\"@id\":\"https:\/\/koi-radar.auction\/fr\/#\/schema\/logo\/image\/\"}}]}<\/script>\n<!-- \/ Yoast SEO plugin. -->","yoast_head_json":{"title":"Ventes aux ench\u00e8res - Koi Radar","description":"Vous souhaitez acheter des ko\u00efs japonais ? Suivez les derni\u00e8res ench\u00e8res sur KOI-RADAR. Des ko\u00efs uniques et de qualit\u00e9 sup\u00e9rieure sont r\u00e9guli\u00e8rement propos\u00e9s. Les ench\u00e8res sont gratuites ! Inscrivez-vous d\u00e8s maintenant !","robots":{"index":"index","follow":"follow","max-snippet":"max-snippet:-1","max-image-preview":"max-image-preview:large","max-video-preview":"max-video-preview:-1"},"canonical":"https:\/\/koi-radar.auction\/fr\/","og_locale":"fr_FR","og_type":"article","og_title":"Ventes aux ench\u00e8res - Koi Radar","og_description":"Vous souhaitez acheter des ko\u00efs japonais ? Suivez les derni\u00e8res ench\u00e8res sur KOI-RADAR. Des ko\u00efs uniques et de qualit\u00e9 sup\u00e9rieure sont r\u00e9guli\u00e8rement propos\u00e9s. Les ench\u00e8res sont gratuites ! Inscrivez-vous d\u00e8s maintenant !","og_url":"https:\/\/koi-radar.auction\/fr\/","og_site_name":"Koi Radar","article_modified_time":"2026-01-21T15:29:15+00:00","og_image":[{"width":1920,"height":1320,"url":"https:\/\/koi-radar.auction\/wp-content\/uploads\/2026\/01\/Banner-website.png","type":"image\/png"}],"twitter_card":"summary_large_image","twitter_misc":{"Dur\u00e9e de lecture estim\u00e9e":"1 minute"},"schema":{"@context":"https:\/\/schema.org","@graph":[{"@type":"WebPage","@id":"https:\/\/koi-radar.auction\/fr\/","url":"https:\/\/koi-radar.auction\/fr\/","name":"Ventes aux ench\u00e8res - Koi Radar","isPartOf":{"@id":"https:\/\/koi-radar.auction\/fr\/#website"},"primaryImageOfPage":{"@id":"https:\/\/koi-radar.auction\/fr\/#primaryimage"},"image":{"@id":"https:\/\/koi-radar.auction\/fr\/#primaryimage"},"thumbnailUrl":"https:\/\/koi-radar.auction\/wp-content\/uploads\/2026\/04\/Banner-KOI-RADAR-apr-26.png","datePublished":"2022-01-27T15:12:11+00:00","dateModified":"2026-01-21T15:29:15+00:00","description":"Vous souhaitez acheter des ko\u00efs japonais ? Suivez les derni\u00e8res ench\u00e8res sur KOI-RADAR. Des ko\u00efs uniques et de qualit\u00e9 sup\u00e9rieure sont r\u00e9guli\u00e8rement propos\u00e9s. Les ench\u00e8res sont gratuites ! Inscrivez-vous d\u00e8s maintenant !","breadcrumb":{"@id":"https:\/\/koi-radar.auction\/fr\/#breadcrumb"},"inLanguage":"fr-FR","potentialAction":[{"@type":"ReadAction","target":["https:\/\/koi-radar.auction\/fr\/"]}]},{"@type":"ImageObject","inLanguage":"fr-FR","@id":"https:\/\/koi-radar.auction\/fr\/#primaryimage","url":"https:\/\/koi-radar.auction\/wp-content\/uploads\/2026\/04\/Banner-KOI-RADAR-apr-26.png","contentUrl":"https:\/\/koi-radar.auction\/wp-content\/uploads\/2026\/04\/Banner-KOI-RADAR-apr-26.png","width":1920,"height":1320},{"@type":"BreadcrumbList","@id":"https:\/\/koi-radar.auction\/fr\/#breadcrumb","itemListElement":[{"@type":"ListItem","position":1,"name":"Home","item":"https:\/\/koi-radar.auction\/fr\/"},{"@type":"ListItem","position":2,"name":"Ventes aux ench\u00e8res"}]},{"@type":"WebSite","@id":"https:\/\/koi-radar.auction\/fr\/#website","url":"https:\/\/koi-radar.auction\/fr\/","name":"Koi Radar","description":"","publisher":{"@id":"https:\/\/koi-radar.auction\/fr\/#organization"},"potentialAction":[{"@type":"SearchAction","target":{"@type":"EntryPoint","urlTemplate":"https:\/\/koi-radar.auction\/fr\/?s={search_term_string}"},"query-input":{"@type":"PropertyValueSpecification","valueRequired":true,"valueName":"search_term_string"}}],"inLanguage":"fr-FR"},{"@type":"Organization","@id":"https:\/\/koi-radar.auction\/fr\/#organization","name":"Koi Radar","url":"https:\/\/koi-radar.auction\/fr\/","logo":{"@type":"ImageObject","inLanguage":"fr-FR","@id":"https:\/\/koi-radar.auction\/fr\/#\/schema\/logo\/image\/","url":"https:\/\/koi-radar.auction\/wp-content\/uploads\/2022\/03\/Koi-Radar-auctions-logo-1.svg","contentUrl":"https:\/\/koi-radar.auction\/wp-content\/uploads\/2022\/03\/Koi-Radar-auctions-logo-1.svg","caption":"Koi Radar"},"image":{"@id":"https:\/\/koi-radar.auction\/fr\/#\/schema\/logo\/image\/"}}]}},"_links":{"self":[{"href":"https:\/\/koi-radar.auction\/fr\/wp-json\/wp\/v2\/pages\/7411","targetHints":{"allow":["GET"]}}],"collection":[{"href":"https:\/\/koi-radar.auction\/fr\/wp-json\/wp\/v2\/pages"}],"about":[{"href":"https:\/\/koi-radar.auction\/fr\/wp-json\/wp\/v2\/types\/page"}],"author":[{"embeddable":true,"href":"https:\/\/koi-radar.auction\/fr\/wp-json\/wp\/v2\/users\/6"}],"replies":[{"embeddable":true,"href":"https:\/\/koi-radar.auction\/fr\/wp-json\/wp\/v2\/comments?post=7411"}],"version-history":[{"count":90,"href":"https:\/\/koi-radar.auction\/fr\/wp-json\/wp\/v2\/pages\/7411\/revisions"}],"predecessor-version":[{"id":16354,"href":"https:\/\/koi-radar.auction\/fr\/wp-json\/wp\/v2\/pages\/7411\/revisions\/16354"}],"wp:featuredmedia":[{"embeddable":true,"href":"https:\/\/koi-radar.auction\/fr\/wp-json\/wp\/v2\/media\/16587"}],"wp:attachment":[{"href":"https:\/\/koi-radar.auction\/fr\/wp-json\/wp\/v2\/media?parent=7411"}],"curies":[{"name":"wp","href":"https:\/\/api.w.org\/{rel}","templated":true}]}}